{"id":142,"date":"2009-05-19T12:59:02","date_gmt":"2009-05-19T09:59:02","guid":{"rendered":"http:\/\/www.fribul.com\/services\/%d0%b3%d1%80%d0%b0%d0%b4%d0%be%d1%83%d1%81%d1%82%d1%80%d0%be%d0%b9%d1%81%d1%82%d0%b2%d0%betown-planningurbanisme\/"},"modified":"2026-04-13T17:48:27","modified_gmt":"2026-04-13T14:48:27","slug":"townplanning","status":"publish","type":"page","link":"https:\/\/fribul.com\/de\/services\/urbandesign\/","title":{"rendered":"St\u00e4dtebau"},"content":{"rendered":"<div id=\"dslc-content\" class=\"dslc-content dslc-clearfix\"><div id=\"dslc-main\">\r\n\t\t\t<div  class=\"dslc-modules-section  dslc-full \" style=\"padding-top:40px;padding-bottom:40px;background-color:rgba(10,10,10,0.1);border-width:20px;border-top-style: hidden; border-bottom-style: hidden; \" data-section-id=\"58807627ff8\">\r\n\t\t\t\t\r\n\t\t\t\t\r\n\t\t\t\t<div class=\"dslc-modules-section-wrapper dslc-clearfix\"><div  class=\"dslc-modules-area dslc-col dslc-12-col dslc-last-col\" data-size=\"12\" data-valign=\"\" data-modules-area-id=\"\" ><style type=\"text\/css\" id=\"dslca-modules-area-\"><\/style>\r\n\t\t<div id=\"dslc-module-cca31b2b6b6\" class=\"dslc-module-front dslc-module-DSLC_TP_Content dslc-in-viewport-check dslc-in-viewport-anim-none  dslc-col dslc-12-col dslc-last-col  dslc-module-handle-like-regular \" data-module-id=\"cca31b2b6b6\" data-module=\"DSLC_TP_Content\" data-dslc-module-size=\"12\" data-dslc-anim=\"none\" data-dslc-anim-delay=\"\" data-dslc-anim-duration=\"650\"  data-dslc-anim-easing=\"ease\" data-dslc-preset=\"none\" >\r\n\r\n\t\t\t\r\n\t\t\t\r\n\t\t\t\t<div class=\"dslc-tp-content\">\r\n\t\t\t\t\t<\/div>\r\n\t\t\r\n\t\t\t\t<\/div><!-- .dslc-module -->\r\n\t\t\r\n\t\t<div id=\"dslc-module-281b2958423\" class=\"dslc-module-front dslc-module-DSLC_Html dslc-in-viewport-check dslc-in-viewport-anim-none  dslc-col dslc-12-col dslc-last-col  dslc-module-handle-like-regular \" data-module-id=\"281b2958423\" data-module=\"DSLC_Html\" data-dslc-module-size=\"12\" data-dslc-anim=\"none\" data-dslc-anim-delay=\"\" data-dslc-anim-duration=\"650\"  data-dslc-anim-easing=\"ease\" data-dslc-preset=\"none\" >\r\n\r\n\t\t\t\r\n\t\t\t\r\n\t\t<div class=\"dslc-html-module-content\"><p><b>e-mail:<\/b> <a href=\"mailto:i&#110;&#102;&#111;&#64;&#102;&#114;&#105;&#98;&#117;&#108;&#x2e;&#x63;&#x6f;&#x6d;\">i&#110;&#102;&#x6f;&#x40;&#x66;&#x72;i&#98;&#117;&#108;&#x2e;&#x63;&#x6f;m<\/a><\/p><\/div>\r\n\t\t\t\t<\/div><!-- .dslc-module -->\r\n\t\t<\/div><\/div><\/div>\r\n\t\t\t<div  class=\"dslc-modules-section  dslc-full \" style=\"padding-top:0px;padding-bottom:0px;background-image:url();background-position:center top;background-attachment:fixed;border-top-style: hidden; border-right-style: hidden; border-bottom-style: hidden; border-left-style: hidden; \" data-section-id=\"58807627ff8\">\r\n\t\t\t\t\r\n\t\t\t\t\r\n\t\t\t\t<div class=\"dslc-modules-section-wrapper dslc-clearfix\"><div  class=\"dslc-modules-area dslc-col dslc-12-col dslc-last-col\" data-size=\"12\" data-valign=\"\" data-modules-area-id=\"\" ><style type=\"text\/css\" id=\"dslca-modules-area-\"><\/style>\r\n\t\t<div id=\"dslc-module-a90b95c1f75\" class=\"dslc-module-front dslc-module-DSLC_Image dslc-in-viewport-check dslc-in-viewport-anim-none  dslc-col dslc-12-col dslc-last-col  dslc-module-handle-like-regular \" data-module-id=\"a90b95c1f75\" data-module=\"DSLC_Image\" data-dslc-module-size=\"12\" data-dslc-anim=\"none\" data-dslc-anim-delay=\"\" data-dslc-anim-duration=\"650\"  data-dslc-anim-easing=\"ease\" data-dslc-preset=\"none\" >\r\n\r\n\t\t\t\r\n\t\t\t\r\n\t\t\t\t<div class=\"dslc-image-container\">\r\n\t\t<div class=\"dslc-image\">\r\n\r\n\t\t\t\r\n\t\t\t\t\r\n\t\t\t\t\t\t\t\t\t<a class=\"\" href=\"https:\/\/www.google.com\/maps\/place\/%D0%A4%D1%80%D0%B8%D0%B1%D1%83%D0%BB+%D0%90%D1%80%D1%85%D0%B8%D1%82%D0%B5%D0%BA%D1%82%D0%B8\/@43.2057837,27.9090648,15z\/data=!4m5!3m4!1s0x0:0x911231951b043f7e!8m2!3d43.209531!4d27.9165075\" target=\"_blank\"  >\r\n\t\t\t\t\t\t\t\t\t<img src=\"https:\/\/fribul.com\/wp-content\/uploads\/2017\/08\/170809-map-fribul.jpg\" alt=\"\" title=\"\" srcset=\"https:\/\/fribul.com\/wp-content\/uploads\/2017\/08\/170809-map-fribul.jpg 1920w, https:\/\/fribul.com\/wp-content\/uploads\/2017\/08\/170809-map-fribul-300x136.jpg 300w, https:\/\/fribul.com\/wp-content\/uploads\/2017\/08\/170809-map-fribul-768x348.jpg 768w, https:\/\/fribul.com\/wp-content\/uploads\/2017\/08\/170809-map-fribul-1024x464.jpg 1024w\" sizes=\"(max-width: 1920px) 100vw, 1920px\" \/>\r\n\t\t\t\t\t\t\t\t\t<\/a>\r\n\t\t\t\t\r\n\t\t\t\t\t\t\t\t\t<\/div><!-- .dslc-image -->\r\n\t\t<\/div>\r\n\t\t\r\n\t\t\t\t<\/div><!-- .dslc-module -->\r\n\t\t<\/div><\/div><\/div><\/div><\/div>","protected":false},"excerpt":{"rendered":"<p>e-mail: &#105;&#x6e;&#102;&#x6f;&#64;&#102;&#x72;&#105;&#x62;u&#x6c;&#46;&#99;&#x6f;&#109;<\/p>\n","protected":false},"author":2,"featured_media":0,"parent":31,"menu_order":3,"comment_status":"closed","ping_status":"closed","template":"","meta":{"footnotes":""},"class_list":["post-142","page","type-page","status-publish","hentry"],"yoast_head":"<!-- This site is optimized with the Yoast SEO plugin v27.4 - https:\/\/yoast.com\/product\/yoast-seo-wordpress\/ -->\n<title>St\u00e4dtebau<\/title>\n<meta name=\"robots\" content=\"index, follow, max-snippet:-1, max-image-preview:large, max-video-preview:-1\" \/>\n<link rel=\"canonical\" href=\"https:\/\/fribul.com\/en\/services\/urbandesign\/\" \/>\n<meta property=\"og:locale\" content=\"de_DE\" \/>\n<meta property=\"og:type\" content=\"article\" \/>\n<meta property=\"og:title\" content=\"[:bg]St\u00e4dtebau [:]\" \/>\n<meta property=\"og:url\" content=\"https:\/\/fribul.com\/en\/services\/urbandesign\/\" \/>\n<meta property=\"og:site_name\" content=\"Architekt Varna Sofia Fribul\" \/>\n<meta property=\"article:publisher\" content=\"https:\/\/www.facebook.com\/fribul\/\" \/>\n<meta property=\"article:modified_time\" content=\"2026-04-13T14:48:27+00:00\" \/>\n<meta name=\"twitter:card\" content=\"summary_large_image\" \/>\n<meta name=\"twitter:label1\" content=\"Gesch\u00e4tzte Lesezeit\" \/>\n\t<meta name=\"twitter:data1\" content=\"12\u00a0Minuten\" \/>\n<script type=\"application\/ld+json\" class=\"yoast-schema-graph\">{\"@context\":\"https:\\\/\\\/schema.org\",\"@graph\":[{\"@type\":\"WebPage\",\"@id\":\"https:\\\/\\\/fribul.com\\\/en\\\/services\\\/urbandesign\\\/\",\"url\":\"https:\\\/\\\/fribul.com\\\/en\\\/services\\\/urbandesign\\\/\",\"name\":\"[:bg]St\u00e4dtebau [:]\",\"isPartOf\":{\"@id\":\"https:\\\/\\\/fribul.com\\\/fr\\\/#website\"},\"datePublished\":\"2009-05-19T09:59:02+00:00\",\"dateModified\":\"2026-04-13T14:48:27+00:00\",\"breadcrumb\":{\"@id\":\"https:\\\/\\\/fribul.com\\\/en\\\/services\\\/urbandesign\\\/#breadcrumb\"},\"inLanguage\":\"de\",\"potentialAction\":[{\"@type\":\"ReadAction\",\"target\":[\"https:\\\/\\\/fribul.com\\\/en\\\/services\\\/urbandesign\\\/\"]}]},{\"@type\":\"BreadcrumbList\",\"@id\":\"https:\\\/\\\/fribul.com\\\/en\\\/services\\\/urbandesign\\\/#breadcrumb\",\"itemListElement\":[{\"@type\":\"ListItem\",\"position\":1,\"name\":\"Home\",\"item\":\"https:\\\/\\\/fribul.com\\\/en\\\/\"},{\"@type\":\"ListItem\",\"position\":2,\"name\":\"[:en]Services[:de]Dienstleistungen[:bg]\u0423\u0441\u043b\u0443\u0433\u0438[:fr]Services[:ru]\u0423\u0441\u043b\u0443\u0433\u0438[:]\",\"item\":\"https:\\\/\\\/fribul.com\\\/en\\\/services\\\/\"},{\"@type\":\"ListItem\",\"position\":3,\"name\":\"Urban Design\"}]},{\"@type\":\"WebSite\",\"@id\":\"https:\\\/\\\/fribul.com\\\/fr\\\/#website\",\"url\":\"https:\\\/\\\/fribul.com\\\/fr\\\/\",\"name\":\"Architekt Varna Sofia Fribul\",\"description\":\"Architekt Varna Sofia Fribul ist spezialisiert auf Planungsl\u00f6sungen f\u00fcr Geb\u00e4ude und Gemeinden. Unsere Expertise umfasst Stadtplanung, Architektur, Ingenieurwesen, Restaurierung, Innenausstattung und strategische Einrichtungen.\",\"publisher\":{\"@id\":\"https:\\\/\\\/fribul.com\\\/fr\\\/#organization\"},\"potentialAction\":[{\"@type\":\"SearchAction\",\"target\":{\"@type\":\"EntryPoint\",\"urlTemplate\":\"https:\\\/\\\/fribul.com\\\/fr\\\/?s={search_term_string}\"},\"query-input\":{\"@type\":\"PropertyValueSpecification\",\"valueRequired\":true,\"valueName\":\"search_term_string\"}}],\"inLanguage\":\"de\"},{\"@type\":\"Organization\",\"@id\":\"https:\\\/\\\/fribul.com\\\/fr\\\/#organization\",\"name\":\"Fribul Architects\",\"url\":\"https:\\\/\\\/fribul.com\\\/fr\\\/\",\"logo\":{\"@type\":\"ImageObject\",\"inLanguage\":\"de\",\"@id\":\"https:\\\/\\\/fribul.com\\\/fr\\\/#\\\/schema\\\/logo\\\/image\\\/\",\"url\":\"https:\\\/\\\/fribul.com\\\/wp-content\\\/uploads\\\/2019\\\/07\\\/Logo1000.jpg\",\"contentUrl\":\"https:\\\/\\\/fribul.com\\\/wp-content\\\/uploads\\\/2019\\\/07\\\/Logo1000.jpg\",\"width\":1000,\"height\":1000,\"caption\":\"Fribul Architects\"},\"image\":{\"@id\":\"https:\\\/\\\/fribul.com\\\/fr\\\/#\\\/schema\\\/logo\\\/image\\\/\"},\"sameAs\":[\"https:\\\/\\\/www.facebook.com\\\/fribul\\\/\",\"https:\\\/\\\/www.instagram.com\\\/fribul_arch\",\"https:\\\/\\\/www.linkedin.com\\\/company\\\/fribul\"]}]}<\/script>\n<!-- \/ Yoast SEO plugin. -->","yoast_head_json":{"title":"St\u00e4dtebau","robots":{"index":"index","follow":"follow","max-snippet":"max-snippet:-1","max-image-preview":"max-image-preview:large","max-video-preview":"max-video-preview:-1"},"canonical":"https:\/\/fribul.com\/en\/services\/urbandesign\/","og_locale":"de_DE","og_type":"article","og_title":"[:bg]St\u00e4dtebau [:]","og_url":"https:\/\/fribul.com\/en\/services\/urbandesign\/","og_site_name":"Architekt Varna Sofia Fribul","article_publisher":"https:\/\/www.facebook.com\/fribul\/","article_modified_time":"2026-04-13T14:48:27+00:00","twitter_card":"summary_large_image","twitter_misc":{"Gesch\u00e4tzte Lesezeit":"12\u00a0Minuten"},"schema":{"@context":"https:\/\/schema.org","@graph":[{"@type":"WebPage","@id":"https:\/\/fribul.com\/en\/services\/urbandesign\/","url":"https:\/\/fribul.com\/en\/services\/urbandesign\/","name":"[:bg]St\u00e4dtebau [:]","isPartOf":{"@id":"https:\/\/fribul.com\/fr\/#website"},"datePublished":"2009-05-19T09:59:02+00:00","dateModified":"2026-04-13T14:48:27+00:00","breadcrumb":{"@id":"https:\/\/fribul.com\/en\/services\/urbandesign\/#breadcrumb"},"inLanguage":"de","potentialAction":[{"@type":"ReadAction","target":["https:\/\/fribul.com\/en\/services\/urbandesign\/"]}]},{"@type":"BreadcrumbList","@id":"https:\/\/fribul.com\/en\/services\/urbandesign\/#breadcrumb","itemListElement":[{"@type":"ListItem","position":1,"name":"Home","item":"https:\/\/fribul.com\/en\/"},{"@type":"ListItem","position":2,"name":"[:en]Services[:de]Dienstleistungen[:bg]\u0423\u0441\u043b\u0443\u0433\u0438[:fr]Services[:ru]\u0423\u0441\u043b\u0443\u0433\u0438[:]","item":"https:\/\/fribul.com\/en\/services\/"},{"@type":"ListItem","position":3,"name":"Urban Design"}]},{"@type":"WebSite","@id":"https:\/\/fribul.com\/fr\/#website","url":"https:\/\/fribul.com\/fr\/","name":"Architekt Varna Sofia Fribul","description":"Architekt Varna Sofia Fribul ist spezialisiert auf Planungsl\u00f6sungen f\u00fcr Geb\u00e4ude und Gemeinden. Unsere Expertise umfasst Stadtplanung, Architektur, Ingenieurwesen, Restaurierung, Innenausstattung und strategische Einrichtungen.","publisher":{"@id":"https:\/\/fribul.com\/fr\/#organization"},"potentialAction":[{"@type":"SearchAction","target":{"@type":"EntryPoint","urlTemplate":"https:\/\/fribul.com\/fr\/?s={search_term_string}"},"query-input":{"@type":"PropertyValueSpecification","valueRequired":true,"valueName":"search_term_string"}}],"inLanguage":"de"},{"@type":"Organization","@id":"https:\/\/fribul.com\/fr\/#organization","name":"Fribul Architects","url":"https:\/\/fribul.com\/fr\/","logo":{"@type":"ImageObject","inLanguage":"de","@id":"https:\/\/fribul.com\/fr\/#\/schema\/logo\/image\/","url":"https:\/\/fribul.com\/wp-content\/uploads\/2019\/07\/Logo1000.jpg","contentUrl":"https:\/\/fribul.com\/wp-content\/uploads\/2019\/07\/Logo1000.jpg","width":1000,"height":1000,"caption":"Fribul Architects"},"image":{"@id":"https:\/\/fribul.com\/fr\/#\/schema\/logo\/image\/"},"sameAs":["https:\/\/www.facebook.com\/fribul\/","https:\/\/www.instagram.com\/fribul_arch","https:\/\/www.linkedin.com\/company\/fribul"]}]}},"_links":{"self":[{"href":"https:\/\/fribul.com\/de\/wp-json\/wp\/v2\/pages\/142","targetHints":{"allow":["GET"]}}],"collection":[{"href":"https:\/\/fribul.com\/de\/wp-json\/wp\/v2\/pages"}],"about":[{"href":"https:\/\/fribul.com\/de\/wp-json\/wp\/v2\/types\/page"}],"author":[{"embeddable":true,"href":"https:\/\/fribul.com\/de\/wp-json\/wp\/v2\/users\/2"}],"replies":[{"embeddable":true,"href":"https:\/\/fribul.com\/de\/wp-json\/wp\/v2\/comments?post=142"}],"version-history":[{"count":10,"href":"https:\/\/fribul.com\/de\/wp-json\/wp\/v2\/pages\/142\/revisions"}],"predecessor-version":[{"id":3166,"href":"https:\/\/fribul.com\/de\/wp-json\/wp\/v2\/pages\/142\/revisions\/3166"}],"up":[{"embeddable":true,"href":"https:\/\/fribul.com\/de\/wp-json\/wp\/v2\/pages\/31"}],"wp:attachment":[{"href":"https:\/\/fribul.com\/de\/wp-json\/wp\/v2\/media?parent=142"}],"curies":[{"name":"wp","href":"https:\/\/api.w.org\/{rel}","templated":true}]}}