{"id":49,"date":"2009-01-05T17:36:39","date_gmt":"2009-01-05T15:36:39","guid":{"rendered":"http:\/\/www.fribul.com\/profile\/%d0%b0%d0%b3%d0%b5%d0%bd%d1%86%d0%b8%d1%8fagencyagency\/"},"modified":"2026-04-13T16:37:57","modified_gmt":"2026-04-13T13:37:57","slug":"agency","status":"publish","type":"page","link":"https:\/\/fribul.com\/de\/agency\/","title":{"rendered":"Agentur"},"content":{"rendered":"<div id=\"dslc-content\" class=\"dslc-content dslc-clearfix\"><div id=\"dslc-main\">\r\n\t\t\t<div  class=\"dslc-modules-section  dslc-valign-  dslc-halign-  dslc-full \" style=\"background-color:rgba(244,209,209,0.42);border-width:20px;\" data-section-id=\"645c5f25d26\">\r\n\t\t\t\t\r\n\t\t\t\t\r\n\t\t\t\t<div class=\"dslc-modules-section-wrapper dslc-clearfix\"><div  class=\"dslc-modules-area dslc-col dslc-12-col dslc-last-col dslc-valign-  dslc-halign- \" data-size=\"12\" data-valign=\"\" data-modules-area-id=\"d5c9292694f\" ><style type=\"text\/css\" id=\"dslca-modules-area-d5c9292694f\">.dslc-modules-area[data-modules-area-id=\"d5c9292694f\"] {:px;margin-bottom:0px;:px;background-repeat:repeat;background-position:left top;background-attachment:scroll;background-size:auto;border-width:0px;border-style:solid;}<\/style>\r\n\t\t<div id=\"dslc-module-8fed07fc84b\" class=\"dslc-module-front dslc-module-DSLC_TP_Content dslc-in-viewport-check dslc-in-viewport-anim-none  dslc-col dslc-12-col dslc-last-col  dslc-module-handle-like-regular \" data-module-id=\"8fed07fc84b\" data-module=\"DSLC_TP_Content\" data-dslc-module-size=\"12\" data-dslc-anim=\"none\" data-dslc-anim-delay=\"\" data-dslc-anim-duration=\"650\"  data-dslc-anim-easing=\"ease\" data-dslc-preset=\"none\" >\r\n\r\n\t\t\t\r\n\t\t\t\r\n\t\t\t\t<div class=\"dslc-tp-content\">\r\n\t\t\t<p><strong>\u0410\u0433\u0435\u043d\u0446\u0438\u044f<\/strong><br \/>\n\u041e\u0442 \u0441\u0432\u043e\u0435\u0442\u043e \u0441\u044a\u0437\u0434\u0430\u0432\u0430\u043d\u0435 \u043f\u0440\u0435\u0437 1999\u0433. \u0410\u0440\u0445\u0438\u0442\u0435\u043a\u0442\u0443\u0440\u043d\u0430 \u0430\u0433\u0435\u043d\u0446\u0438\u044f \u0424\u0440\u0438\u0431\u0443\u043b \u043f\u043e\u0434\u0434\u044a\u0440\u0436\u0430 \u0432\u0438\u0441\u043e\u043a\u043e \u043a\u0430\u0447\u0435\u0441\u0442\u0432\u043e \u043d\u0430 \u043f\u0440\u043e\u0435\u043a\u0442\u0438\u0440\u0430\u043d\u0435 \u0441\u044a\u0447\u0435\u0442\u0430\u043d\u043e \u0441 \u043e\u0442\u0437\u0438\u0432\u0447\u0438\u0432\u043e\u0441\u0442 \u0432 \u0446\u0435\u043b\u0438\u044f \u0438\u043d\u0432\u0435\u0441\u0442\u0438\u0446\u0438\u043e\u043d\u0435\u043d \u043f\u0440\u043e\u0446\u0435\u0441. \u041f\u043e\u0441\u0442\u0430\u0432\u0435\u043d\u0438\u0442\u0435 \u043f\u0440\u0435\u0434 \u043d\u0430\u0441 \u0444\u0443\u043d\u043a\u0446\u0438\u043e\u043d\u0430\u043b\u043d\u0438, \u0435\u0441\u0442\u0435\u0442\u0438\u0447\u043d\u0438, \u0441\u043e\u0446\u0438\u0430\u043b\u043d\u0438 \u0438 \u0444\u0438\u043d\u0430\u043d\u0441\u043e\u0432\u0438 \u043f\u0440\u0435\u0434\u0438\u0437\u0432\u0438\u043a\u0430\u0442\u0435\u043b\u0441\u0442\u0432\u0430 \u043d\u0438 \u043f\u043e\u0437\u0432\u043e\u043b\u0438\u0445\u0430 \u0434\u0430 \u0442\u044a\u0440\u0441\u0438\u043c \u043a\u0440\u0435\u0430\u0442\u0438\u0432\u043d\u0438 \u0440\u0435\u0448\u0435\u043d\u0438\u044f \u0432\u044a\u0432 \u0432\u0441\u0435\u043a\u0438 \u043f\u0430\u0437\u0430\u0440\u0435\u043d \u0441\u0435\u0433\u043c\u0435\u043d\u0442. \u041a\u0430\u0442\u043e \u0440\u0435\u0437\u0443\u043b\u0442\u0430\u0442, \u0432\u044a\u0440\u0445\u0443 \u0442\u043e\u0437\u0438 \u043e\u043f\u0438\u0442 \u0438 \u0437\u043d\u0430\u043d\u0438\u0435 \u0444\u0443\u043d\u0434\u0438\u0440\u0430\u043c\u0435 \u0434\u043d\u0435\u0441 \u0435\u0436\u0435\u0434\u043d\u0435\u0432\u043d\u0430\u0442\u0430 \u0441\u0438 \u043c\u0435\u0442\u043e\u0434\u043e\u043b\u043e\u0433\u0438\u044f \u043d\u0430 \u0440\u0430\u0431\u043e\u0442\u0430. \u041d\u0430\u0448\u0438\u044f\u0442 \u0435\u043a\u0438\u043f \u043e\u0442 \u0441\u043f\u0435\u0446\u0438\u0430\u043b\u0438\u0441\u0442\u0438, \u0435\u043a\u0441\u043f\u0435\u0440\u0442\u0438 \u0438 \u043a\u043e\u043d\u0441\u0443\u043b\u0442\u0430\u043d\u0442\u0438 \u0437\u0430\u043f\u044a\u043b\u0432\u0430 \u0446\u0435\u043b\u0438\u044f \u0441\u043f\u0435\u043a\u0442\u044a\u0440 \u0432 \u0438\u043d\u0432\u0435\u0441\u0442\u0438\u0446\u0438\u043e\u043d\u043d\u043e\u0442\u043e \u043f\u0440\u043e\u0435\u043a\u0442\u0438\u0440\u0430\u043d\u0435.<\/p>\n<p><strong>\u0412\u0438\u0437\u0438\u044f<\/strong><br \/>\n\u0412\u0441\u044f\u043a\u0430 \u0430\u0440\u0445\u0438\u0442\u0435\u043a\u0442\u0443\u0440\u043d\u0430, \u0433\u0440\u0430\u0434\u043e\u0443\u0441\u0442\u0440\u043e\u0439\u0441\u0442\u0432\u0435\u043d\u0430 \u0438 \u0438\u043d\u0436e\u043d\u0435\u0440\u0438\u043d\u0433\u043e\u0432\u0430 \u043f\u0440\u043e\u0435\u043a\u0446\u0438\u044f \u043f\u0440\u0435\u0434\u0441\u0442\u0430\u0432\u043b\u044f\u0432\u0430 \u0441\u044a\u0437\u0434\u0430\u0432\u0430\u043d\u0435 \u043d\u0430 \u0441\u044a\u0432\u043a\u0443\u043f\u043d\u043e\u0441\u0442 \u0446\u0435\u043d\u043d\u043e\u0441\u0442\u0438. \u0415\u0441\u0442\u0435\u0442\u0438\u0447\u0435\u0441\u043a\u0430\u0442\u0430 \u0446\u0435\u043d\u043d\u043e\u0441\u0442 \u043d\u0430 \u0434\u0438\u0437\u0430\u0439\u043d\u0430. \u0424\u0443\u043d\u043a\u0446\u0438\u043e\u043d\u0430\u043b\u043d\u0430\u0442\u0430 \u0446\u0435\u043d\u043d\u043e\u0441\u0442 \u043d\u0430 \u043f\u0440\u0430\u043a\u0442\u0438\u0447\u043d\u043e\u0442\u043e \u0440\u0435\u0448\u0435\u043d\u0438\u0435. \u0421\u043e\u0446\u0438\u0430\u043b\u043d\u0430\u0442\u0430 \u043e\u0442\u0433\u043e\u0432\u043e\u0440\u043d\u043e\u0441\u0442 \u0437\u0430 \u043f\u043e\u0441\u0442\u0438\u0433\u0430\u043d\u0435 \u0446\u0435\u043b\u0438\u0442\u0435 \u043d\u0430 \u043e\u043f\u0440\u0435\u0434\u0435\u043b\u0435\u043d\u0430 \u043e\u0431\u0449\u043d\u043e\u0441\u0442. \u0418\u043a\u043e\u043d\u043e\u043c\u0438\u0447\u0435\u0441\u043a\u0438\u044f\u0442 \u0438\u0437\u0440\u0430\u0437 \u043a\u0430\u0442\u043e \u0432\u044a\u0437\u0432\u0440\u044a\u0449\u0430\u0435\u043c\u043e\u0441\u0442 \u043d\u0430 \u043f\u043b\u0430\u043d\u0438\u0440\u0430\u043d\u0430\u0442\u0430 \u0438\u043d\u0432\u0435\u0441\u0442\u0438\u0446\u0438\u044f.<br \/>\n\u041d\u0430\u0448\u0435\u0442\u043e \u043f\u0440\u0435\u0434\u0438\u0437\u0432\u0438\u043a\u0430\u0442\u0435\u043b\u0441\u0442\u0432\u043e \u0438 \u043e\u0442\u0433\u043e\u0432\u043e\u0440\u043d\u043e\u0441\u0442 \u043a\u044a\u043c \u043a\u043b\u0438\u0435\u043d\u0442\u0430 \u0435 \u0434\u0430 \u0438\u0437\u0432\u043b\u0435\u0447\u0435\u043c \u043c\u0430\u043a\u0441\u0438\u043c\u0443\u043c\u0430 \u043e\u0442 \u0432\u0441\u0438\u0447\u043a\u0438 \u0442\u0435\u0437\u0438 4 \u0435\u043b\u0435\u043c\u0435\u043d\u0442\u0430 \u0437\u0430\u043f\u0430\u0437\u0432\u0430\u0439\u043a\u0438 \u0443\u0441\u0442\u043e\u0439\u0447\u0438\u0432 \u0431\u0430\u043b\u0430\u043d\u0441 \u043f\u043e\u043c\u0435\u0436\u0434\u0443 \u0438\u043c. \u0424\u0440\u0438\u0431\u0443\u043b \u0435 \u0440\u0430\u0437\u0440\u0430\u0431\u043e\u0442\u0438\u043b \u043c\u0435\u0442\u043e\u0434\u043e\u043b\u043e\u0433\u0438\u044f \u043f\u043e\u0437\u0432\u043e\u043b\u044f\u0432\u0430\u0449\u0430 \u043f\u043e\u0435\u0442\u0430\u043f\u043d\u043e \u0434\u043e\u0441\u0442\u0438\u0433\u0430\u043d\u0435 \u0434\u043e \u0437\u0430\u043b\u043e\u0436\u0435\u043d\u0438\u0442\u0435 \u0446\u0435\u043b\u0438 \u0432\u044a\u0432 \u0432\u0441\u0435\u043a\u0438 \u043f\u0440\u043e\u0435\u043a\u0442. \u0420\u0435\u0437\u0443\u043b\u0442\u0430\u0442\u044a\u0442 \u0432\u043a\u043b\u044e\u0447\u0432\u0430: \u043a\u043e\u043d\u0442\u0440\u043e\u043b\u0438\u0440\u0430\u043d\u0438 \u0440\u0430\u0437\u0445\u043e\u0434\u0438 \u0438 \u0433\u0440\u0430\u0444\u0438\u0446\u0438, \u043f\u043b\u0430\u0432\u043d\u043e \u043d\u0430\u043f\u0440\u0435\u0434\u0432\u0430\u0449 \u0438 \u043f\u0440\u0435\u0434\u0441\u043a\u0430\u0437\u0443\u0435\u043c \u043f\u0440\u043e\u0435\u043a\u0442, \u0432\u043f\u0435\u0447\u0430\u0442\u043b\u044f\u0432\u0430\u0449 \u0438 \u043e\u0440\u0438\u0433\u0438\u043d\u0430\u043b\u0435\u043d \u0434\u0438\u0437\u0430\u0439\u043d.<\/p>\n<p><strong>\u0415\u043a\u0438\u043f<\/strong><br \/>\n\u0417\u0430 \u0438\u0437\u0440\u0430\u0431\u043e\u0442\u0432\u0430\u043d\u0435 \u043d\u0430 \u043a\u043e\u043c\u043f\u043b\u0435\u043a\u0441\u043d\u0438 \u0438\u043d\u0432\u0435\u0441\u0442\u0438\u0446\u0438\u043e\u043d\u043d\u0438 \u043f\u0440\u043e\u0435\u043a\u0442\u0438 \u0424\u0440\u0438\u0431\u0443\u043b \u0444\u043e\u0440\u043c\u0438\u0440\u0430 \u0435\u043a\u0438\u043f\u0438 \u043e\u0442 \u043d\u0435\u043e\u0431\u0445\u043e\u0434\u0438\u043c\u0438 \u0437\u0430 \u043a\u043e\u043d\u043a\u0440\u0435\u0442\u043d\u0438\u044f \u043f\u0440\u043e\u0435\u043a\u0442 \u0442\u044f\u0441\u043d\u043e \u0441\u043f\u0435\u0446\u0438\u0430\u043b\u0438\u0437\u0438\u0440\u0430\u043d\u0438 \u043f\u0440\u043e\u0435\u043a\u0442\u0430\u043d\u0442\u0438, \u0435\u043a\u0441\u043f\u0435\u0440\u0442\u0438 \u0438 \u043a\u043e\u043d\u0441\u0443\u043b\u0442\u0430\u043d\u0442\u0438. \u0414\u0440\u0443\u0436\u0435\u0441\u0442\u0432\u043e\u0442\u043e \u0440\u0430\u0437\u043f\u043e\u043b\u0430\u0433\u0430 \u0441\u044a\u0441 \u0441\u043e\u0431\u0441\u0442\u0432\u0435\u043d\u0438 \u0434\u043e\u0431\u0440\u0435 \u043e\u0431\u0443\u0447\u0435\u043d\u0438 \u0438 \u0432\u0438\u0441\u043e\u043a\u043e\u043a\u0432\u0430\u043b\u0438\u0444\u0438\u0446\u0438\u0440\u0430\u043d\u0438 \u043a\u0430\u0434\u0440\u0438, \u043d\u0430\u0437\u043d\u0430\u0447\u0435\u043d\u0438 \u043d\u0430 \u0442\u0440\u0443\u0434\u043e\u0432 \u0434\u043e\u0433\u043e\u0432\u043e\u0440, \u043a\u0430\u0442\u043e \u043f\u0440\u0438 \u043d\u0443\u0436\u0434\u0430 \u0440\u0430\u0431\u043e\u0442\u0438 \u0441 \u0434\u043e\u043f\u044a\u043b\u043d\u0438\u0442\u0435\u043b\u043d\u0438 \u043b\u0438\u0446\u0430 \u043e\u0442 \u043f\u043e\u0441\u0442\u043e\u044f\u043d\u0435\u043d \u043a\u043e\u043d\u0442\u0438\u043d\u0433\u0435\u043d\u0442, \u043a\u0430\u0442\u043e \u043e\u0431\u0449\u0438\u044f\u0442 \u0438\u043c \u0431\u0440\u043e\u0439 \u0432\u0430\u0440\u0438\u0440\u0430 \u0432 \u0437\u0430\u0432\u0438\u0441\u0438\u043c\u043e\u0441\u0442 \u043e\u0442 \u0441\u043f\u0435\u0446\u0438\u0444\u0438\u0447\u043d\u0438\u0442\u0435 \u0445\u0430\u0440\u0430\u043a\u0442\u0435\u0440\u0438\u0441\u0442\u0438\u043a\u0438 \u043d\u0430 \u0432\u0441\u0435\u043a\u0438 \u043a\u043e\u043d\u043a\u0440\u0435\u0442\u0435\u043d \u043f\u0440\u043e\u0435\u043a\u0442.<\/p>\n\t\t<\/div>\r\n\t\t\r\n\t\t\t\t<\/div><!-- .dslc-module -->\r\n\t\t<\/div><\/div><\/div><\/div><\/div>","protected":false},"excerpt":{"rendered":"<p>\u0410\u0433\u0435\u043d\u0446\u0438\u044f \u041e\u0442 \u0441\u0432\u043e\u0435\u0442\u043e \u0441\u044a\u0437\u0434\u0430\u0432\u0430\u043d\u0435 \u043f\u0440\u0435\u0437 1999\u0433. \u0410\u0440\u0445\u0438\u0442\u0435\u043a\u0442\u0443\u0440\u043d\u0430 \u0430\u0433\u0435\u043d\u0446\u0438\u044f \u0424\u0440\u0438\u0431\u0443\u043b \u043f\u043e\u0434\u0434\u044a\u0440\u0436\u0430 \u0432\u0438\u0441\u043e\u043a\u043e \u043a\u0430\u0447\u0435\u0441\u0442\u0432\u043e \u043d\u0430 \u043f\u0440\u043e\u0435\u043a\u0442\u0438\u0440\u0430\u043d\u0435 \u0441\u044a\u0447\u0435\u0442\u0430\u043d\u043e \u0441 \u043e\u0442\u0437\u0438\u0432\u0447\u0438\u0432\u043e\u0441\u0442 \u0432 \u0446\u0435\u043b\u0438\u044f \u0438\u043d\u0432\u0435\u0441\u0442\u0438\u0446\u0438\u043e\u043d\u0435\u043d \u043f\u0440\u043e\u0446\u0435\u0441. \u041f\u043e\u0441\u0442\u0430\u0432\u0435\u043d\u0438\u0442\u0435 \u043f\u0440\u0435\u0434 \u043d\u0430\u0441 \u0444\u0443\u043d\u043a\u0446\u0438\u043e\u043d\u0430\u043b\u043d\u0438, \u0435\u0441\u0442\u0435\u0442\u0438\u0447\u043d\u0438, \u0441\u043e\u0446\u0438\u0430\u043b\u043d\u0438 \u0438 \u0444\u0438\u043d\u0430\u043d\u0441\u043e\u0432\u0438 \u043f\u0440\u0435\u0434\u0438\u0437\u0432\u0438\u043a\u0430\u0442\u0435\u043b\u0441\u0442\u0432\u0430 \u043d\u0438 \u043f\u043e\u0437\u0432\u043e\u043b\u0438\u0445\u0430 \u0434\u0430 \u0442\u044a\u0440\u0441\u0438\u043c \u043a\u0440\u0435\u0430\u0442\u0438\u0432\u043d\u0438 \u0440\u0435\u0448\u0435\u043d\u0438\u044f \u0432\u044a\u0432 \u0432\u0441\u0435\u043a\u0438 \u043f\u0430\u0437\u0430\u0440\u0435\u043d \u0441\u0435\u0433\u043c\u0435\u043d\u0442. \u041a\u0430\u0442\u043e \u0440\u0435\u0437\u0443\u043b\u0442\u0430\u0442, \u0432\u044a\u0440\u0445\u0443 \u0442\u043e\u0437\u0438 \u043e\u043f\u0438\u0442 \u0438 \u0437\u043d\u0430\u043d\u0438\u0435 \u0444\u0443\u043d\u0434\u0438\u0440\u0430\u043c\u0435 \u0434\u043d\u0435\u0441 \u0435\u0436\u0435\u0434\u043d\u0435\u0432\u043d\u0430\u0442\u0430 \u0441\u0438 \u043c\u0435\u0442\u043e\u0434\u043e\u043b\u043e\u0433\u0438\u044f \u043d\u0430 \u0440\u0430\u0431\u043e\u0442\u0430. \u041d\u0430\u0448\u0438\u044f\u0442 [&hellip;]<\/p>\n","protected":false},"author":1,"featured_media":0,"parent":0,"menu_order":1,"comment_status":"closed","ping_status":"closed","template":"","meta":{"footnotes":""},"class_list":["post-49","page","type-page","status-publish","hentry"],"yoast_head":"<!-- This site is optimized with the Yoast SEO plugin v27.4 - https:\/\/yoast.com\/product\/yoast-seo-wordpress\/ -->\n<title>Agentur - Architekt Varna Sofia Fribul<\/title>\n<meta name=\"description\" content=\"Element Width 1\/12 2\/12 3\/12 4\/12 5\/12 6\/12 7\/12 8\/12 9\/12 10\/12 11\/12 12\/12 From its creation in 1999 Architectural Agency Fribul maintains high quality\" \/>\n<meta name=\"robots\" content=\"index, follow, max-snippet:-1, max-image-preview:large, max-video-preview:-1\" \/>\n<link rel=\"canonical\" href=\"https:\/\/fribul.com\/en\/agency\/\" \/>\n<meta property=\"og:locale\" content=\"de_DE\" \/>\n<meta property=\"og:type\" content=\"article\" \/>\n<meta property=\"og:title\" content=\"Agentur - Architekt Varna Sofia Fribul\" \/>\n<meta property=\"og:description\" content=\"Element Width 1\/12 2\/12 3\/12 4\/12 5\/12 6\/12 7\/12 8\/12 9\/12 10\/12 11\/12 12\/12 From its creation in 1999 Architectural Agency Fribul maintains high quality\" \/>\n<meta property=\"og:url\" content=\"https:\/\/fribul.com\/en\/agency\/\" \/>\n<meta property=\"og:site_name\" content=\"Architekt Varna Sofia Fribul\" \/>\n<meta property=\"article:publisher\" content=\"https:\/\/www.facebook.com\/fribul\/\" \/>\n<meta property=\"article:modified_time\" content=\"2026-04-13T13:37:57+00:00\" \/>\n<meta property=\"og:image\" content=\"https:\/\/fribul.com\/wp-content\/plugins\/live-composer-page-builder\/\/images\/icons\/first-column.webp\" \/>\n<meta name=\"twitter:card\" content=\"summary_large_image\" \/>\n<meta name=\"twitter:label1\" content=\"Gesch\u00e4tzte Lesezeit\" \/>\n\t<meta name=\"twitter:data1\" content=\"13\u00a0Minuten\" \/>\n<script type=\"application\/ld+json\" class=\"yoast-schema-graph\">{\"@context\":\"https:\\\/\\\/schema.org\",\"@graph\":[{\"@type\":\"WebPage\",\"@id\":\"https:\\\/\\\/fribul.com\\\/en\\\/agency\\\/\",\"url\":\"https:\\\/\\\/fribul.com\\\/en\\\/agency\\\/\",\"name\":\"Agentur - Architekt Varna Sofia Fribul\",\"isPartOf\":{\"@id\":\"https:\\\/\\\/fribul.com\\\/fr\\\/#website\"},\"primaryImageOfPage\":{\"@id\":\"https:\\\/\\\/fribul.com\\\/en\\\/agency\\\/#primaryimage\"},\"image\":{\"@id\":\"https:\\\/\\\/fribul.com\\\/en\\\/agency\\\/#primaryimage\"},\"thumbnailUrl\":\"https:\\\/\\\/fribul.com\\\/wp-content\\\/plugins\\\/live-composer-page-builder\\\/\\\/images\\\/icons\\\/first-column.webp\",\"datePublished\":\"2009-01-05T15:36:39+00:00\",\"dateModified\":\"2026-04-13T13:37:57+00:00\",\"description\":\"Element Width 1\\\/12 2\\\/12 3\\\/12 4\\\/12 5\\\/12 6\\\/12 7\\\/12 8\\\/12 9\\\/12 10\\\/12 11\\\/12 12\\\/12 From its creation in 1999 Architectural Agency Fribul maintains high quality\",\"breadcrumb\":{\"@id\":\"https:\\\/\\\/fribul.com\\\/en\\\/agency\\\/#breadcrumb\"},\"inLanguage\":\"de\",\"potentialAction\":[{\"@type\":\"ReadAction\",\"target\":[\"https:\\\/\\\/fribul.com\\\/en\\\/agency\\\/\"]}]},{\"@type\":\"ImageObject\",\"inLanguage\":\"de\",\"@id\":\"https:\\\/\\\/fribul.com\\\/en\\\/agency\\\/#primaryimage\",\"url\":\"https:\\\/\\\/fribul.com\\\/wp-content\\\/plugins\\\/live-composer-page-builder\\\/\\\/images\\\/icons\\\/first-column.webp\",\"contentUrl\":\"https:\\\/\\\/fribul.com\\\/wp-content\\\/plugins\\\/live-composer-page-builder\\\/\\\/images\\\/icons\\\/first-column.webp\"},{\"@type\":\"BreadcrumbList\",\"@id\":\"https:\\\/\\\/fribul.com\\\/en\\\/agency\\\/#breadcrumb\",\"itemListElement\":[{\"@type\":\"ListItem\",\"position\":1,\"name\":\"Home\",\"item\":\"https:\\\/\\\/fribul.com\\\/en\\\/\"},{\"@type\":\"ListItem\",\"position\":2,\"name\":\"Agency\"}]},{\"@type\":\"WebSite\",\"@id\":\"https:\\\/\\\/fribul.com\\\/fr\\\/#website\",\"url\":\"https:\\\/\\\/fribul.com\\\/fr\\\/\",\"name\":\"Architekt Varna Sofia Fribul\",\"description\":\"Architekt Varna Sofia Fribul ist spezialisiert auf Planungsl\u00f6sungen f\u00fcr Geb\u00e4ude und Gemeinden. Unsere Expertise umfasst Stadtplanung, Architektur, Ingenieurwesen, Restaurierung, Innenausstattung und strategische Einrichtungen.\",\"publisher\":{\"@id\":\"https:\\\/\\\/fribul.com\\\/fr\\\/#organization\"},\"potentialAction\":[{\"@type\":\"SearchAction\",\"target\":{\"@type\":\"EntryPoint\",\"urlTemplate\":\"https:\\\/\\\/fribul.com\\\/fr\\\/?s={search_term_string}\"},\"query-input\":{\"@type\":\"PropertyValueSpecification\",\"valueRequired\":true,\"valueName\":\"search_term_string\"}}],\"inLanguage\":\"de\"},{\"@type\":\"Organization\",\"@id\":\"https:\\\/\\\/fribul.com\\\/fr\\\/#organization\",\"name\":\"Fribul Architects\",\"url\":\"https:\\\/\\\/fribul.com\\\/fr\\\/\",\"logo\":{\"@type\":\"ImageObject\",\"inLanguage\":\"de\",\"@id\":\"https:\\\/\\\/fribul.com\\\/fr\\\/#\\\/schema\\\/logo\\\/image\\\/\",\"url\":\"https:\\\/\\\/fribul.com\\\/wp-content\\\/uploads\\\/2019\\\/07\\\/Logo1000.jpg\",\"contentUrl\":\"https:\\\/\\\/fribul.com\\\/wp-content\\\/uploads\\\/2019\\\/07\\\/Logo1000.jpg\",\"width\":1000,\"height\":1000,\"caption\":\"Fribul Architects\"},\"image\":{\"@id\":\"https:\\\/\\\/fribul.com\\\/fr\\\/#\\\/schema\\\/logo\\\/image\\\/\"},\"sameAs\":[\"https:\\\/\\\/www.facebook.com\\\/fribul\\\/\",\"https:\\\/\\\/www.instagram.com\\\/fribul_arch\",\"https:\\\/\\\/www.linkedin.com\\\/company\\\/fribul\"]}]}<\/script>\n<!-- \/ Yoast SEO plugin. -->","yoast_head_json":{"title":"Agentur - Architekt Varna Sofia Fribul","description":"Element Width 1\/12 2\/12 3\/12 4\/12 5\/12 6\/12 7\/12 8\/12 9\/12 10\/12 11\/12 12\/12 From its creation in 1999 Architectural Agency Fribul maintains high quality","robots":{"index":"index","follow":"follow","max-snippet":"max-snippet:-1","max-image-preview":"max-image-preview:large","max-video-preview":"max-video-preview:-1"},"canonical":"https:\/\/fribul.com\/en\/agency\/","og_locale":"de_DE","og_type":"article","og_title":"Agentur - Architekt Varna Sofia Fribul","og_description":"Element Width 1\/12 2\/12 3\/12 4\/12 5\/12 6\/12 7\/12 8\/12 9\/12 10\/12 11\/12 12\/12 From its creation in 1999 Architectural Agency Fribul maintains high quality","og_url":"https:\/\/fribul.com\/en\/agency\/","og_site_name":"Architekt Varna Sofia Fribul","article_publisher":"https:\/\/www.facebook.com\/fribul\/","article_modified_time":"2026-04-13T13:37:57+00:00","og_image":[{"url":"https:\/\/fribul.com\/wp-content\/plugins\/live-composer-page-builder\/\/images\/icons\/first-column.webp","type":"","width":"","height":""}],"twitter_card":"summary_large_image","twitter_misc":{"Gesch\u00e4tzte Lesezeit":"13\u00a0Minuten"},"schema":{"@context":"https:\/\/schema.org","@graph":[{"@type":"WebPage","@id":"https:\/\/fribul.com\/en\/agency\/","url":"https:\/\/fribul.com\/en\/agency\/","name":"Agentur - Architekt Varna Sofia Fribul","isPartOf":{"@id":"https:\/\/fribul.com\/fr\/#website"},"primaryImageOfPage":{"@id":"https:\/\/fribul.com\/en\/agency\/#primaryimage"},"image":{"@id":"https:\/\/fribul.com\/en\/agency\/#primaryimage"},"thumbnailUrl":"https:\/\/fribul.com\/wp-content\/plugins\/live-composer-page-builder\/\/images\/icons\/first-column.webp","datePublished":"2009-01-05T15:36:39+00:00","dateModified":"2026-04-13T13:37:57+00:00","description":"Element Width 1\/12 2\/12 3\/12 4\/12 5\/12 6\/12 7\/12 8\/12 9\/12 10\/12 11\/12 12\/12 From its creation in 1999 Architectural Agency Fribul maintains high quality","breadcrumb":{"@id":"https:\/\/fribul.com\/en\/agency\/#breadcrumb"},"inLanguage":"de","potentialAction":[{"@type":"ReadAction","target":["https:\/\/fribul.com\/en\/agency\/"]}]},{"@type":"ImageObject","inLanguage":"de","@id":"https:\/\/fribul.com\/en\/agency\/#primaryimage","url":"https:\/\/fribul.com\/wp-content\/plugins\/live-composer-page-builder\/\/images\/icons\/first-column.webp","contentUrl":"https:\/\/fribul.com\/wp-content\/plugins\/live-composer-page-builder\/\/images\/icons\/first-column.webp"},{"@type":"BreadcrumbList","@id":"https:\/\/fribul.com\/en\/agency\/#breadcrumb","itemListElement":[{"@type":"ListItem","position":1,"name":"Home","item":"https:\/\/fribul.com\/en\/"},{"@type":"ListItem","position":2,"name":"Agency"}]},{"@type":"WebSite","@id":"https:\/\/fribul.com\/fr\/#website","url":"https:\/\/fribul.com\/fr\/","name":"Architekt Varna Sofia Fribul","description":"Architekt Varna Sofia Fribul ist spezialisiert auf Planungsl\u00f6sungen f\u00fcr Geb\u00e4ude und Gemeinden. Unsere Expertise umfasst Stadtplanung, Architektur, Ingenieurwesen, Restaurierung, Innenausstattung und strategische Einrichtungen.","publisher":{"@id":"https:\/\/fribul.com\/fr\/#organization"},"potentialAction":[{"@type":"SearchAction","target":{"@type":"EntryPoint","urlTemplate":"https:\/\/fribul.com\/fr\/?s={search_term_string}"},"query-input":{"@type":"PropertyValueSpecification","valueRequired":true,"valueName":"search_term_string"}}],"inLanguage":"de"},{"@type":"Organization","@id":"https:\/\/fribul.com\/fr\/#organization","name":"Fribul Architects","url":"https:\/\/fribul.com\/fr\/","logo":{"@type":"ImageObject","inLanguage":"de","@id":"https:\/\/fribul.com\/fr\/#\/schema\/logo\/image\/","url":"https:\/\/fribul.com\/wp-content\/uploads\/2019\/07\/Logo1000.jpg","contentUrl":"https:\/\/fribul.com\/wp-content\/uploads\/2019\/07\/Logo1000.jpg","width":1000,"height":1000,"caption":"Fribul Architects"},"image":{"@id":"https:\/\/fribul.com\/fr\/#\/schema\/logo\/image\/"},"sameAs":["https:\/\/www.facebook.com\/fribul\/","https:\/\/www.instagram.com\/fribul_arch","https:\/\/www.linkedin.com\/company\/fribul"]}]}},"_links":{"self":[{"href":"https:\/\/fribul.com\/de\/wp-json\/wp\/v2\/pages\/49","targetHints":{"allow":["GET"]}}],"collection":[{"href":"https:\/\/fribul.com\/de\/wp-json\/wp\/v2\/pages"}],"about":[{"href":"https:\/\/fribul.com\/de\/wp-json\/wp\/v2\/types\/page"}],"author":[{"embeddable":true,"href":"https:\/\/fribul.com\/de\/wp-json\/wp\/v2\/users\/1"}],"replies":[{"embeddable":true,"href":"https:\/\/fribul.com\/de\/wp-json\/wp\/v2\/comments?post=49"}],"version-history":[{"count":38,"href":"https:\/\/fribul.com\/de\/wp-json\/wp\/v2\/pages\/49\/revisions"}],"predecessor-version":[{"id":3163,"href":"https:\/\/fribul.com\/de\/wp-json\/wp\/v2\/pages\/49\/revisions\/3163"}],"wp:attachment":[{"href":"https:\/\/fribul.com\/de\/wp-json\/wp\/v2\/media?parent=49"}],"curies":[{"name":"wp","href":"https:\/\/api.w.org\/{rel}","templated":true}]}}