{"id":49,"date":"2009-01-05T17:36:39","date_gmt":"2009-01-05T15:36:39","guid":{"rendered":"http:\/\/www.fribul.com\/profile\/%d0%b0%d0%b3%d0%b5%d0%bd%d1%86%d0%b8%d1%8fagencyagency\/"},"modified":"2026-04-13T16:37:57","modified_gmt":"2026-04-13T13:37:57","slug":"agency","status":"publish","type":"page","link":"https:\/\/fribul.com\/ru\/agency\/","title":{"rendered":"\u0410\u0433\u0435\u043d\u0442\u0441\u0442\u0432\u043e"},"content":{"rendered":"<div id=\"dslc-content\" class=\"dslc-content dslc-clearfix\"><div id=\"dslc-main\">\r\n\t\t\t<div  class=\"dslc-modules-section  dslc-valign-  dslc-halign-  dslc-full \" style=\"background-color:rgba(244,209,209,0.42);border-width:20px;\" data-section-id=\"645c5f25d26\">\r\n\t\t\t\t\r\n\t\t\t\t\r\n\t\t\t\t<div class=\"dslc-modules-section-wrapper dslc-clearfix\"><div  class=\"dslc-modules-area dslc-col dslc-12-col dslc-last-col dslc-valign-  dslc-halign- \" data-size=\"12\" data-valign=\"\" data-modules-area-id=\"d5c9292694f\" ><style type=\"text\/css\" id=\"dslca-modules-area-d5c9292694f\">.dslc-modules-area[data-modules-area-id=\"d5c9292694f\"] {:px;margin-bottom:0px;:px;background-repeat:repeat;background-position:left top;background-attachment:scroll;background-size:auto;border-width:0px;border-style:solid;}<\/style>\r\n\t\t<div id=\"dslc-module-8fed07fc84b\" class=\"dslc-module-front dslc-module-DSLC_TP_Content dslc-in-viewport-check dslc-in-viewport-anim-none  dslc-col dslc-12-col dslc-last-col  dslc-module-handle-like-regular \" data-module-id=\"8fed07fc84b\" data-module=\"DSLC_TP_Content\" data-dslc-module-size=\"12\" data-dslc-anim=\"none\" data-dslc-anim-delay=\"\" data-dslc-anim-duration=\"650\"  data-dslc-anim-easing=\"ease\" data-dslc-preset=\"none\" >\r\n\r\n\t\t\t\r\n\t\t\t\r\n\t\t\t\t<div class=\"dslc-tp-content\">\r\n\t\t\t<p><strong>Agence<\/strong><br \/>\nDepuis sa cr\u00e9ation en 1999 l\u2019agence d\u2019architecture Fribul d\u00e9veloppe sa palette de services li\u00e9s \u00e0 la cr\u00e9ation et r\u00e9alisation d\u2019espaces de vie.<br \/>\nLes chalenges esth\u00e9tiques, sociaux, fonctionnels et financiers nous ont donn\u00e9 la possibilit\u00e9 d\u2019offrir des solutions de qualit\u00e9 dans divers programmes.<br \/>\nLe r\u00e9sultat de ces recherches constitue une base sur laquelle nous b\u00e2tissons notre m\u00e9thodologie de travail quotidien. Notre \u00e9quipe de sp\u00e9cialistes et experts couvre le plus large spectre de la ma\u00eetrise d\u2019\u0153uvre.<\/p>\n<p><strong>Vision<\/strong><br \/>\nChaque id\u00e9e architecturale et urbaine repr\u00e9sente la cr\u00e9ation d\u2019une gamme de valeurs. L\u2019esth\u00e9tique du design, la fonctionnalit\u00e9 d\u2019une solution spatiale, la coh\u00e9sion sociale d\u2019une communaut\u00e9, la rentabilit\u00e9 d\u2019un investissement. Notre challenge et responsabilit\u00e9 envers nos clients consistent \u00e0 extraire pour le projet une qualit\u00e9 optimale prenant en compte ces quatre composantes, tout en pr\u00e9servant leur balance.<br \/>\nL\u2019agence Fribul travaille sur la base d\u2019une m\u00e9thodologie permettant la r\u00e9alisation de nos id\u00e9es pour chaque projet. Le r\u00e9sultat comprend : vision \u00e0 moyen et long terme, projet pr\u00e9visible, d\u00e9penses contr\u00f4l\u00e9s et une solution spatiale unique.<\/p>\n<p><strong>Equipe<\/strong><br \/>\nPour l\u2019\u00e9laboration de projets d\u2019investissement complexes, Fribul constitue des \u00e9quipes compos\u00e9es de concepteurs sp\u00e9cialis\u00e9s, d\u2019experts et de consultants, s\u00e9lectionn\u00e9s en fonction des besoins sp\u00e9cifiques de chaque projet. La soci\u00e9t\u00e9 dispose de son propre personnel, bien form\u00e9 et hautement qualifi\u00e9, employ\u00e9 sous contrat de travail. En cas de besoin, elle collabore \u00e9galement avec des intervenants suppl\u00e9mentaires issus d\u2019un r\u00e9seau permanent, leur nombre total variant en fonction des caract\u00e9ristiques sp\u00e9cifiques de chaque projet.<\/p>\n\t\t<\/div>\r\n\t\t\r\n\t\t\t\t<\/div><!-- .dslc-module -->\r\n\t\t<\/div><\/div><\/div><\/div><\/div>","protected":false},"excerpt":{"rendered":"<p>Agence Depuis sa cr\u00e9ation en 1999 l\u2019agence d\u2019architecture Fribul d\u00e9veloppe sa palette de services li\u00e9s \u00e0 la cr\u00e9ation et r\u00e9alisation d\u2019espaces de vie. Les chalenges esth\u00e9tiques, sociaux, fonctionnels et financiers nous ont donn\u00e9 la possibilit\u00e9 d\u2019offrir des solutions de qualit\u00e9 dans divers programmes. Le r\u00e9sultat de ces recherches constitue une base sur laquelle nous b\u00e2tissons [&hellip;]<\/p>\n","protected":false},"author":1,"featured_media":0,"parent":0,"menu_order":1,"comment_status":"closed","ping_status":"closed","template":"","meta":{"footnotes":""},"class_list":["post-49","page","type-page","status-publish","hentry"],"yoast_head":"<!-- This site is optimized with the Yoast SEO plugin v27.3 - https:\/\/yoast.com\/product\/yoast-seo-wordpress\/ -->\n<title>\u0410\u0433\u0435\u043d\u0442\u0441\u0442\u0432\u043e - \u0410\u0440\u0445\u0438\u0442\u0435\u043a\u0442\u043e\u0440 \u0412\u0430\u0440\u043d\u0430 \u0421\u043e\u0444\u0438\u044f \u0424\u0440\u0438\u0431\u0443\u043b<\/title>\n<meta name=\"description\" content=\"Element Width 1\/12 2\/12 3\/12 4\/12 5\/12 6\/12 7\/12 8\/12 9\/12 10\/12 11\/12 12\/12 From its creation in 1999 Architectural Agency Fribul maintains high quality\" \/>\n<meta name=\"robots\" content=\"index, follow, max-snippet:-1, max-image-preview:large, max-video-preview:-1\" \/>\n<link rel=\"canonical\" href=\"https:\/\/fribul.com\/en\/agency\/\" \/>\n<meta property=\"og:locale\" content=\"ru_RU\" \/>\n<meta property=\"og:type\" content=\"article\" \/>\n<meta property=\"og:title\" content=\"\u0410\u0433\u0435\u043d\u0442\u0441\u0442\u0432\u043e - \u0410\u0440\u0445\u0438\u0442\u0435\u043a\u0442\u043e\u0440 \u0412\u0430\u0440\u043d\u0430 \u0421\u043e\u0444\u0438\u044f \u0424\u0440\u0438\u0431\u0443\u043b\" \/>\n<meta property=\"og:description\" content=\"Element Width 1\/12 2\/12 3\/12 4\/12 5\/12 6\/12 7\/12 8\/12 9\/12 10\/12 11\/12 12\/12 From its creation in 1999 Architectural Agency Fribul maintains high quality\" \/>\n<meta property=\"og:url\" content=\"https:\/\/fribul.com\/en\/agency\/\" \/>\n<meta property=\"og:site_name\" content=\"\u0410\u0440\u0445\u0438\u0442\u0435\u043a\u0442\u043e\u0440 \u0412\u0430\u0440\u043d\u0430 \u0421\u043e\u0444\u0438\u044f \u0424\u0440\u0438\u0431\u0443\u043b\" \/>\n<meta property=\"article:publisher\" content=\"https:\/\/www.facebook.com\/fribul\/\" \/>\n<meta property=\"article:modified_time\" content=\"2026-04-13T13:37:57+00:00\" \/>\n<meta property=\"og:image\" content=\"https:\/\/fribul.com\/wp-content\/plugins\/live-composer-page-builder\/\/images\/icons\/first-column.webp\" \/>\n<meta name=\"twitter:card\" content=\"summary_large_image\" \/>\n<meta name=\"twitter:label1\" content=\"\u041f\u0440\u0438\u043c\u0435\u0440\u043d\u043e\u0435 \u0432\u0440\u0435\u043c\u044f \u0434\u043b\u044f \u0447\u0442\u0435\u043d\u0438\u044f\" \/>\n\t<meta name=\"twitter:data1\" content=\"13 \u043c\u0438\u043d\u0443\u0442\" \/>\n<script type=\"application\/ld+json\" class=\"yoast-schema-graph\">{\"@context\":\"https:\\\/\\\/schema.org\",\"@graph\":[{\"@type\":\"WebPage\",\"@id\":\"https:\\\/\\\/fribul.com\\\/en\\\/agency\\\/\",\"url\":\"https:\\\/\\\/fribul.com\\\/en\\\/agency\\\/\",\"name\":\"\u0410\u0433\u0435\u043d\u0442\u0441\u0442\u0432\u043e - \u0410\u0440\u0445\u0438\u0442\u0435\u043a\u0442\u043e\u0440 \u0412\u0430\u0440\u043d\u0430 \u0421\u043e\u0444\u0438\u044f \u0424\u0440\u0438\u0431\u0443\u043b\",\"isPartOf\":{\"@id\":\"https:\\\/\\\/fribul.com\\\/fr\\\/#website\"},\"primaryImageOfPage\":{\"@id\":\"https:\\\/\\\/fribul.com\\\/en\\\/agency\\\/#primaryimage\"},\"image\":{\"@id\":\"https:\\\/\\\/fribul.com\\\/en\\\/agency\\\/#primaryimage\"},\"thumbnailUrl\":\"https:\\\/\\\/fribul.com\\\/wp-content\\\/plugins\\\/live-composer-page-builder\\\/\\\/images\\\/icons\\\/first-column.webp\",\"datePublished\":\"2009-01-05T15:36:39+00:00\",\"dateModified\":\"2026-04-13T13:37:57+00:00\",\"description\":\"Element Width 1\\\/12 2\\\/12 3\\\/12 4\\\/12 5\\\/12 6\\\/12 7\\\/12 8\\\/12 9\\\/12 10\\\/12 11\\\/12 12\\\/12 From its creation in 1999 Architectural Agency Fribul maintains high quality\",\"breadcrumb\":{\"@id\":\"https:\\\/\\\/fribul.com\\\/en\\\/agency\\\/#breadcrumb\"},\"inLanguage\":\"ru-RU\",\"potentialAction\":[{\"@type\":\"ReadAction\",\"target\":[\"https:\\\/\\\/fribul.com\\\/en\\\/agency\\\/\"]}]},{\"@type\":\"ImageObject\",\"inLanguage\":\"ru-RU\",\"@id\":\"https:\\\/\\\/fribul.com\\\/en\\\/agency\\\/#primaryimage\",\"url\":\"https:\\\/\\\/fribul.com\\\/wp-content\\\/plugins\\\/live-composer-page-builder\\\/\\\/images\\\/icons\\\/first-column.webp\",\"contentUrl\":\"https:\\\/\\\/fribul.com\\\/wp-content\\\/plugins\\\/live-composer-page-builder\\\/\\\/images\\\/icons\\\/first-column.webp\"},{\"@type\":\"BreadcrumbList\",\"@id\":\"https:\\\/\\\/fribul.com\\\/en\\\/agency\\\/#breadcrumb\",\"itemListElement\":[{\"@type\":\"ListItem\",\"position\":1,\"name\":\"Home\",\"item\":\"https:\\\/\\\/fribul.com\\\/en\\\/\"},{\"@type\":\"ListItem\",\"position\":2,\"name\":\"Agency\"}]},{\"@type\":\"WebSite\",\"@id\":\"https:\\\/\\\/fribul.com\\\/fr\\\/#website\",\"url\":\"https:\\\/\\\/fribul.com\\\/fr\\\/\",\"name\":\"\u0410\u0440\u0445\u0438\u0442\u0435\u043a\u0442\u043e\u0440 \u0412\u0430\u0440\u043d\u0430 \u0421\u043e\u0444\u0438\u044f \u0424\u0440\u0438\u0431\u0443\u043b\",\"description\":\"\u0410\u0440\u0445\u0438\u0442\u0435\u043a\u0442\u043e\u0440 \u0412\u0430\u0440\u043d\u0430 \u0421\u043e\u0444\u0438\u044f \u0424\u0440\u0438\u0431\u0443\u043b \u0441\u043f\u0435\u0446\u0438\u0430\u043b\u0438\u0437\u0438\u0440\u0443\u0435\u0442\u0441\u044f \u043d\u0430 \u043f\u043b\u0430\u043d\u0438\u0440\u043e\u0432\u043e\u0447\u043d\u044b\u0445 \u0440\u0435\u0448\u0435\u043d\u0438\u044f\u0445 \u0434\u043b\u044f \u0437\u0434\u0430\u043d\u0438\u0439 \u0438 \u0441\u043e\u043e\u0431\u0449\u0435\u0441\u0442\u0432. \u041d\u0430\u0448 \u043e\u043f\u044b\u0442 \u0432\u043a\u043b\u044e\u0447\u0430\u0435\u0442 \u0433\u043e\u0440\u043e\u0434\u0441\u043a\u043e\u0435 \u043f\u043b\u0430\u043d\u0438\u0440\u043e\u0432\u0430\u043d\u0438\u0435, \u0430\u0440\u0445\u0438\u0442\u0435\u043a\u0442\u0443\u0440\u0443, \u043f\u0440\u043e\u0435\u043a\u0442\u0438\u0440\u043e\u0432\u0430\u043d\u0438\u0435, \u0440\u0435\u0441\u0442\u0430\u0432\u0440\u0430\u0446\u0438\u044e, \u0438\u043d\u0442\u0435\u0440\u044c\u0435\u0440\u044b \u0438 \u043e\u0431\u044a\u0435\u043a\u0442\u044b \u0441\u0442\u0440\u0430\u0442\u0435\u0433\u0438\u0447\u0435\u0441\u043a\u043e\u0433\u043e \u043d\u0430\u0437\u043d\u0430\u0447\u0435\u043d\u0438\u044f.\",\"publisher\":{\"@id\":\"https:\\\/\\\/fribul.com\\\/fr\\\/#organization\"},\"potentialAction\":[{\"@type\":\"SearchAction\",\"target\":{\"@type\":\"EntryPoint\",\"urlTemplate\":\"https:\\\/\\\/fribul.com\\\/fr\\\/?s={search_term_string}\"},\"query-input\":{\"@type\":\"PropertyValueSpecification\",\"valueRequired\":true,\"valueName\":\"search_term_string\"}}],\"inLanguage\":\"ru-RU\"},{\"@type\":\"Organization\",\"@id\":\"https:\\\/\\\/fribul.com\\\/fr\\\/#organization\",\"name\":\"Fribul Architects\",\"url\":\"https:\\\/\\\/fribul.com\\\/fr\\\/\",\"logo\":{\"@type\":\"ImageObject\",\"inLanguage\":\"ru-RU\",\"@id\":\"https:\\\/\\\/fribul.com\\\/fr\\\/#\\\/schema\\\/logo\\\/image\\\/\",\"url\":\"https:\\\/\\\/fribul.com\\\/wp-content\\\/uploads\\\/2019\\\/07\\\/Logo1000.jpg\",\"contentUrl\":\"https:\\\/\\\/fribul.com\\\/wp-content\\\/uploads\\\/2019\\\/07\\\/Logo1000.jpg\",\"width\":1000,\"height\":1000,\"caption\":\"Fribul Architects\"},\"image\":{\"@id\":\"https:\\\/\\\/fribul.com\\\/fr\\\/#\\\/schema\\\/logo\\\/image\\\/\"},\"sameAs\":[\"https:\\\/\\\/www.facebook.com\\\/fribul\\\/\",\"https:\\\/\\\/www.instagram.com\\\/fribul_arch\",\"https:\\\/\\\/www.linkedin.com\\\/company\\\/fribul\"]}]}<\/script>\n<!-- \/ Yoast SEO plugin. -->","yoast_head_json":{"title":"\u0410\u0433\u0435\u043d\u0442\u0441\u0442\u0432\u043e - \u0410\u0440\u0445\u0438\u0442\u0435\u043a\u0442\u043e\u0440 \u0412\u0430\u0440\u043d\u0430 \u0421\u043e\u0444\u0438\u044f \u0424\u0440\u0438\u0431\u0443\u043b","description":"Element Width 1\/12 2\/12 3\/12 4\/12 5\/12 6\/12 7\/12 8\/12 9\/12 10\/12 11\/12 12\/12 From its creation in 1999 Architectural Agency Fribul maintains high quality","robots":{"index":"index","follow":"follow","max-snippet":"max-snippet:-1","max-image-preview":"max-image-preview:large","max-video-preview":"max-video-preview:-1"},"canonical":"https:\/\/fribul.com\/en\/agency\/","og_locale":"ru_RU","og_type":"article","og_title":"\u0410\u0433\u0435\u043d\u0442\u0441\u0442\u0432\u043e - \u0410\u0440\u0445\u0438\u0442\u0435\u043a\u0442\u043e\u0440 \u0412\u0430\u0440\u043d\u0430 \u0421\u043e\u0444\u0438\u044f \u0424\u0440\u0438\u0431\u0443\u043b","og_description":"Element Width 1\/12 2\/12 3\/12 4\/12 5\/12 6\/12 7\/12 8\/12 9\/12 10\/12 11\/12 12\/12 From its creation in 1999 Architectural Agency Fribul maintains high quality","og_url":"https:\/\/fribul.com\/en\/agency\/","og_site_name":"\u0410\u0440\u0445\u0438\u0442\u0435\u043a\u0442\u043e\u0440 \u0412\u0430\u0440\u043d\u0430 \u0421\u043e\u0444\u0438\u044f \u0424\u0440\u0438\u0431\u0443\u043b","article_publisher":"https:\/\/www.facebook.com\/fribul\/","article_modified_time":"2026-04-13T13:37:57+00:00","og_image":[{"url":"https:\/\/fribul.com\/wp-content\/plugins\/live-composer-page-builder\/\/images\/icons\/first-column.webp","type":"","width":"","height":""}],"twitter_card":"summary_large_image","twitter_misc":{"\u041f\u0440\u0438\u043c\u0435\u0440\u043d\u043e\u0435 \u0432\u0440\u0435\u043c\u044f \u0434\u043b\u044f \u0447\u0442\u0435\u043d\u0438\u044f":"13 \u043c\u0438\u043d\u0443\u0442"},"schema":{"@context":"https:\/\/schema.org","@graph":[{"@type":"WebPage","@id":"https:\/\/fribul.com\/en\/agency\/","url":"https:\/\/fribul.com\/en\/agency\/","name":"\u0410\u0433\u0435\u043d\u0442\u0441\u0442\u0432\u043e - \u0410\u0440\u0445\u0438\u0442\u0435\u043a\u0442\u043e\u0440 \u0412\u0430\u0440\u043d\u0430 \u0421\u043e\u0444\u0438\u044f \u0424\u0440\u0438\u0431\u0443\u043b","isPartOf":{"@id":"https:\/\/fribul.com\/fr\/#website"},"primaryImageOfPage":{"@id":"https:\/\/fribul.com\/en\/agency\/#primaryimage"},"image":{"@id":"https:\/\/fribul.com\/en\/agency\/#primaryimage"},"thumbnailUrl":"https:\/\/fribul.com\/wp-content\/plugins\/live-composer-page-builder\/\/images\/icons\/first-column.webp","datePublished":"2009-01-05T15:36:39+00:00","dateModified":"2026-04-13T13:37:57+00:00","description":"Element Width 1\/12 2\/12 3\/12 4\/12 5\/12 6\/12 7\/12 8\/12 9\/12 10\/12 11\/12 12\/12 From its creation in 1999 Architectural Agency Fribul maintains high quality","breadcrumb":{"@id":"https:\/\/fribul.com\/en\/agency\/#breadcrumb"},"inLanguage":"ru-RU","potentialAction":[{"@type":"ReadAction","target":["https:\/\/fribul.com\/en\/agency\/"]}]},{"@type":"ImageObject","inLanguage":"ru-RU","@id":"https:\/\/fribul.com\/en\/agency\/#primaryimage","url":"https:\/\/fribul.com\/wp-content\/plugins\/live-composer-page-builder\/\/images\/icons\/first-column.webp","contentUrl":"https:\/\/fribul.com\/wp-content\/plugins\/live-composer-page-builder\/\/images\/icons\/first-column.webp"},{"@type":"BreadcrumbList","@id":"https:\/\/fribul.com\/en\/agency\/#breadcrumb","itemListElement":[{"@type":"ListItem","position":1,"name":"Home","item":"https:\/\/fribul.com\/en\/"},{"@type":"ListItem","position":2,"name":"Agency"}]},{"@type":"WebSite","@id":"https:\/\/fribul.com\/fr\/#website","url":"https:\/\/fribul.com\/fr\/","name":"\u0410\u0440\u0445\u0438\u0442\u0435\u043a\u0442\u043e\u0440 \u0412\u0430\u0440\u043d\u0430 \u0421\u043e\u0444\u0438\u044f \u0424\u0440\u0438\u0431\u0443\u043b","description":"\u0410\u0440\u0445\u0438\u0442\u0435\u043a\u0442\u043e\u0440 \u0412\u0430\u0440\u043d\u0430 \u0421\u043e\u0444\u0438\u044f \u0424\u0440\u0438\u0431\u0443\u043b \u0441\u043f\u0435\u0446\u0438\u0430\u043b\u0438\u0437\u0438\u0440\u0443\u0435\u0442\u0441\u044f \u043d\u0430 \u043f\u043b\u0430\u043d\u0438\u0440\u043e\u0432\u043e\u0447\u043d\u044b\u0445 \u0440\u0435\u0448\u0435\u043d\u0438\u044f\u0445 \u0434\u043b\u044f \u0437\u0434\u0430\u043d\u0438\u0439 \u0438 \u0441\u043e\u043e\u0431\u0449\u0435\u0441\u0442\u0432. \u041d\u0430\u0448 \u043e\u043f\u044b\u0442 \u0432\u043a\u043b\u044e\u0447\u0430\u0435\u0442 \u0433\u043e\u0440\u043e\u0434\u0441\u043a\u043e\u0435 \u043f\u043b\u0430\u043d\u0438\u0440\u043e\u0432\u0430\u043d\u0438\u0435, \u0430\u0440\u0445\u0438\u0442\u0435\u043a\u0442\u0443\u0440\u0443, \u043f\u0440\u043e\u0435\u043a\u0442\u0438\u0440\u043e\u0432\u0430\u043d\u0438\u0435, \u0440\u0435\u0441\u0442\u0430\u0432\u0440\u0430\u0446\u0438\u044e, \u0438\u043d\u0442\u0435\u0440\u044c\u0435\u0440\u044b \u0438 \u043e\u0431\u044a\u0435\u043a\u0442\u044b \u0441\u0442\u0440\u0430\u0442\u0435\u0433\u0438\u0447\u0435\u0441\u043a\u043e\u0433\u043e \u043d\u0430\u0437\u043d\u0430\u0447\u0435\u043d\u0438\u044f.","publisher":{"@id":"https:\/\/fribul.com\/fr\/#organization"},"potentialAction":[{"@type":"SearchAction","target":{"@type":"EntryPoint","urlTemplate":"https:\/\/fribul.com\/fr\/?s={search_term_string}"},"query-input":{"@type":"PropertyValueSpecification","valueRequired":true,"valueName":"search_term_string"}}],"inLanguage":"ru-RU"},{"@type":"Organization","@id":"https:\/\/fribul.com\/fr\/#organization","name":"Fribul Architects","url":"https:\/\/fribul.com\/fr\/","logo":{"@type":"ImageObject","inLanguage":"ru-RU","@id":"https:\/\/fribul.com\/fr\/#\/schema\/logo\/image\/","url":"https:\/\/fribul.com\/wp-content\/uploads\/2019\/07\/Logo1000.jpg","contentUrl":"https:\/\/fribul.com\/wp-content\/uploads\/2019\/07\/Logo1000.jpg","width":1000,"height":1000,"caption":"Fribul Architects"},"image":{"@id":"https:\/\/fribul.com\/fr\/#\/schema\/logo\/image\/"},"sameAs":["https:\/\/www.facebook.com\/fribul\/","https:\/\/www.instagram.com\/fribul_arch","https:\/\/www.linkedin.com\/company\/fribul"]}]}},"_links":{"self":[{"href":"https:\/\/fribul.com\/ru\/wp-json\/wp\/v2\/pages\/49","targetHints":{"allow":["GET"]}}],"collection":[{"href":"https:\/\/fribul.com\/ru\/wp-json\/wp\/v2\/pages"}],"about":[{"href":"https:\/\/fribul.com\/ru\/wp-json\/wp\/v2\/types\/page"}],"author":[{"embeddable":true,"href":"https:\/\/fribul.com\/ru\/wp-json\/wp\/v2\/users\/1"}],"replies":[{"embeddable":true,"href":"https:\/\/fribul.com\/ru\/wp-json\/wp\/v2\/comments?post=49"}],"version-history":[{"count":37,"href":"https:\/\/fribul.com\/ru\/wp-json\/wp\/v2\/pages\/49\/revisions"}],"predecessor-version":[{"id":3162,"href":"https:\/\/fribul.com\/ru\/wp-json\/wp\/v2\/pages\/49\/revisions\/3162"}],"wp:attachment":[{"href":"https:\/\/fribul.com\/ru\/wp-json\/wp\/v2\/media?parent=49"}],"curies":[{"name":"wp","href":"https:\/\/api.w.org\/{rel}","templated":true}]}}